{"id":11,"date":"2024-04-25T17:02:59","date_gmt":"2024-04-25T17:02:59","guid":{"rendered":"https:\/\/aic.eus\/?page_id=11"},"modified":"2024-07-18T09:12:44","modified_gmt":"2024-07-18T09:12:44","slug":"inicio","status":"publish","type":"page","link":"https:\/\/aic.eus\/accesible\/","title":{"rendered":"Inicio"},"content":{"rendered":"<h1 style=\"text-align: center;\">AIC Asistencia Instalaci\u00f3n Climatizaci\u00f3n<\/h1>\n<h2 style=\"text-align: center;\">\u00bfQuieres solicitar tu servicio de<br \/>\nmantenimiento y revisi\u00f3n de calderas y calentadores?<\/h2>\n<p style=\"text-align: center;\">Conf\u00eda en nosotros. No te arrepentir\u00e1s.<\/p>\n<p style=\"text-align: center;\"><a href=\"\/contacto\/\">Contacta con nosotros<\/a><br \/>\n<!-- end Simple Slider --><\/p>\n<p>En AIC llevamos m\u00e1s de 30 a\u00f1os prestando nuestros servicios con total calidad y confianza.<\/p>\n<p>Nuestra m\u00e1xima preocupaci\u00f3n y ocupaci\u00f3n es el mantenimiento de instalaciones t\u00e9rmicas tanto de calor como de refrigeraci\u00f3n, redes de fluidos, sistemas de regulaci\u00f3n, energ\u00edas convencionales como alternativas.<\/p>\n<p>Uno de nuestros principales servicios es el Servicio de Asistencia T\u00e9cnica Oficial (SAT OFICIAL).<\/p>\n<h2>Nuestros <strong>Servicios<\/strong><\/h2>\n<figure><\/figure>\n<ul>\n<li>DISE\u00d1O INSTALACIONES TERMICAS<\/li>\n<li>EJECUCION INSTALACIONES TERMICAS<\/li>\n<li>MANTENIMEINTO INSTALCIONES TERMICAS<\/li>\n<\/ul>\n","protected":false},"excerpt":{"rendered":"<p>AIC Asistencia Instalaci\u00f3n Climatizaci\u00f3n \u00bfQuieres solicitar tu servicio de mantenimiento y revisi\u00f3n de calderas y calentadores? Conf\u00eda en nosotros. No [&hellip;]<\/p>\n","protected":false},"author":1,"featured_media":0,"parent":0,"menu_order":0,"comment_status":"closed","ping_status":"closed","template":"","meta":{"site-sidebar-layout":"no-sidebar","site-content-layout":"","ast-site-content-layout":"normal-width-container","site-content-style":"boxed","site-sidebar-style":"default","ast-global-header-display":"","ast-banner-title-visibility":"","ast-main-header-display":"","ast-hfb-above-header-display":"","ast-hfb-below-header-display":"","ast-hfb-mobile-header-display":"","site-post-title":"disabled","ast-breadcrumbs-content":"","ast-featured-img":"disabled","footer-sml-layout":"","theme-transparent-header-meta":"default","adv-header-id-meta":"","stick-header-meta":"","header-above-stick-meta":"","header-main-stick-meta":"","header-below-stick-meta":"","astra-migrate-meta-layouts":"set","ast-page-background-enabled":"default","ast-page-background-meta":{"desktop":{"background-color":"var(--ast-global-color-4)","background-image":"","background-repeat":"repeat","background-position":"center center","background-size":"auto","background-attachment":"scroll","background-type":"","background-media":"","overlay-type":"","overlay-color":"","overlay-gradient":""},"tablet":{"background-color":"","background-image":"","background-repeat":"repeat","background-position":"center center","background-size":"auto","background-attachment":"scroll","background-type":"","background-media":"","overlay-type":"","overlay-color":"","overlay-gradient":""},"mobile":{"background-color":"","background-image":"","background-repeat":"repeat","background-position":"center center","background-size":"auto","background-attachment":"scroll","background-type":"","background-media":"","overlay-type":"","overlay-color":"","overlay-gradient":""}},"ast-content-background-meta":{"desktop":{"background-color":"var(--ast-global-color-5)","background-image":"","background-repeat":"repeat","background-position":"center center","background-size":"auto","background-attachment":"scroll","background-type":"","background-media":"","overlay-type":"","overlay-color":"","overlay-gradient":""},"tablet":{"background-color":"var(--ast-global-color-5)","background-image":"","background-repeat":"repeat","background-position":"center center","background-size":"auto","background-attachment":"scroll","background-type":"","background-media":"","overlay-type":"","overlay-color":"","overlay-gradient":""},"mobile":{"background-color":"var(--ast-global-color-5)","background-image":"","background-repeat":"repeat","background-position":"center center","background-size":"auto","background-attachment":"scroll","background-type":"","background-media":"","overlay-type":"","overlay-color":"","overlay-gradient":""}},"footnotes":""},"_links":{"self":[{"href":"https:\/\/aic.eus\/accesible\/wp-json\/wp\/v2\/pages\/11"}],"collection":[{"href":"https:\/\/aic.eus\/accesible\/wp-json\/wp\/v2\/pages"}],"about":[{"href":"https:\/\/aic.eus\/accesible\/wp-json\/wp\/v2\/types\/page"}],"author":[{"embeddable":true,"href":"https:\/\/aic.eus\/accesible\/wp-json\/wp\/v2\/users\/1"}],"replies":[{"embeddable":true,"href":"https:\/\/aic.eus\/accesible\/wp-json\/wp\/v2\/comments?post=11"}],"version-history":[{"count":155,"href":"https:\/\/aic.eus\/accesible\/wp-json\/wp\/v2\/pages\/11\/revisions"}],"predecessor-version":[{"id":909,"href":"https:\/\/aic.eus\/accesible\/wp-json\/wp\/v2\/pages\/11\/revisions\/909"}],"wp:attachment":[{"href":"https:\/\/aic.eus\/accesible\/wp-json\/wp\/v2\/media?parent=11"}],"curies":[{"name":"wp","href":"https:\/\/api.w.org\/{rel}","templated":true}]}}