{"id":114,"date":"2024-05-02T09:00:09","date_gmt":"2024-05-02T09:00:09","guid":{"rendered":"https:\/\/aic.eus\/?page_id=114"},"modified":"2024-07-15T10:54:40","modified_gmt":"2024-07-15T10:54:40","slug":"aviso-legal","status":"publish","type":"page","link":"https:\/\/aic.eus\/accesible\/aviso-legal\/","title":{"rendered":"Aviso legal"},"content":{"rendered":"<p>El presente Aviso Legal regula el uso del servicio del portal de Internet con <a href=\"https:\/\/aic.eus\/\">https:\/\/www.aic.eus\/<\/a>\u00a0cuyo responsable a efectos identificativos es:<\/p>\n<p>\u2022 Responsable: ERREKU ENERG\u00cdA S.L\u00a0 \u2022\u00a0 NIF: B95490272<br \/>\n\u2022 Direcci\u00f3n: Larrondogoiko 2 Pabell\u00f3n 9, <span class=\"o_field_char o_field_widget o_address_zip\">48180 <\/span><span class=\"o_field_char o_field_widget o_address_city\">Loiu (<\/span><span id=\"o_field_input_630\" class=\"o_field_widget o_address_state\">Bizkaia)<\/span><br \/>\n\u2022 Datos de inscripci\u00f3n: Registro Mercantil de Bizkaia, Tomo\u00a0 , folio\u00a0 , hoja BI- , inscripci\u00f3n<br \/>\n\u2022 Tel\u00e9fono: 944446268<br \/>\n\u2022 Mail: aic@aic.eus<br \/>\n\u2022 Nombre comercial: AIC<br \/>\n\u2022 Actividad principal: Mantenimiento y montaje de instalaciones t\u00e9rmicas (fr\u00edo y calor)<\/p>\n<h2>Legislaci\u00f3n<\/h2>\n<p>Con car\u00e1cter general las relaciones entre ERREKU ENERG\u00cdA S.L con los Usuarios de sus servicios telem\u00e1ticos, presentes en la Web, se encuentran sometidas a la legislaci\u00f3n y jurisdicci\u00f3n espa\u00f1olas.<\/p>\n<p>Las partes renuncian expresamente al fuero que les pudiera corresponder y someten expresamente a los Juzgados y Tribunales de Bilbao para resolver cualquier controversia que pueda surgir en la interpretaci\u00f3n o ejecuci\u00f3n de las presentes condiciones contractuales.<\/p>\n<h2>Contenido y uso<\/h2>\n<p>El usuario queda informado, y acepta, que el acceso a la presente web no supone, en modo alguno, el inicio de una relaci\u00f3n comercial con ERREKU ENERG\u00cdA S.L El titular del Web no se identifica con las opiniones vertidas en el mismo por sus colaboradores. La Empresa se reserva el derecho de efectuar sin previo aviso las modificaciones que considere oportunas en su Web, pudiendo cambiar, suprimir o a\u00f1adir tanto los contenidos y servicios que se presten a trav\u00e9s de la misma como la forma en la que \u00e9stos aparezcan presentados o localizados en sus servidores.<\/p>\n<h2>Propiedad intelectual e industrial<\/h2>\n<p>Este Website y los contenidos que alberga se encuentran protegidos por las leyes de Propiedad Intelectual. No podr\u00e1n ser objeto de explotaci\u00f3n, reproducci\u00f3n, distribuci\u00f3n, modificaci\u00f3n, comunicaci\u00f3n p\u00fablica, cesi\u00f3n o transformaci\u00f3n. El acceso a este Website no otorga a los usuarios derecho, ni titularidad alguna sobre los derechos de propiedad intelectual de los contenidos que alberga este Website.<\/p>\n<p>El contenido de este website puede ser descargado al terminal del usuario (download), siempre que sea para su uso privado y sin ning\u00fan fin comercial; por lo tanto, no podr\u00e1 explotar, reproducir, distribuir, modificar, comunicar p\u00fablicamente, ceder, transformar o usar el contenido de este website con fines p\u00fablicos o comerciales.<\/p>\n<p>El nombre comercial, las marcas, logo, productos y servicios que contiene este website se encuentran protegidos por ley.<\/p>\n<p>ERREKU ENERG\u00cdA S.L se reserva la posibilidad de ejercer las acciones judiciales que correspondan contra los usuarios que violen o infrinjan los derechos de propiedad intelectual.<\/p>\n<h2>Enlaces (Links)<\/h2>\n<p>La presencia de enlaces (links) en la p\u00e1gina web de ERREKU ENERG\u00cdA S.L tiene finalidad meramente informativa y en ning\u00fan caso supone sugerencia, invitaci\u00f3n o recomendaci\u00f3n sobre los mismos.<\/p>\n","protected":false},"excerpt":{"rendered":"<p>El presente Aviso Legal regula el uso del servicio del portal de Internet con https:\/\/www.aic.eus\/\u00a0cuyo responsable a efectos identificativos es: [&hellip;]<\/p>\n","protected":false},"author":1,"featured_media":0,"parent":0,"menu_order":0,"comment_status":"closed","ping_status":"closed","template":"","meta":{"site-sidebar-layout":"default","site-content-layout":"","ast-site-content-layout":"default","site-content-style":"default","site-sidebar-style":"default","ast-global-header-display":"","ast-banner-title-visibility":"","ast-main-header-display":"","ast-hfb-above-header-display":"","ast-hfb-below-header-display":"","ast-hfb-mobile-header-display":"","site-post-title":"","ast-breadcrumbs-content":"","ast-featured-img":"","footer-sml-layout":"","theme-transparent-header-meta":"default","adv-header-id-meta":"","stick-header-meta":"","header-above-stick-meta":"","header-main-stick-meta":"","header-below-stick-meta":"","astra-migrate-meta-layouts":"set","ast-page-background-enabled":"default","ast-page-background-meta":{"desktop":{"background-color":"var(--ast-global-color-4)","background-image":"","background-repeat":"repeat","background-position":"center center","background-size":"auto","background-attachment":"scroll","background-type":"","background-media":"","overlay-type":"","overlay-color":"","overlay-gradient":""},"tablet":{"background-color":"","background-image":"","background-repeat":"repeat","background-position":"center center","background-size":"auto","background-attachment":"scroll","background-type":"","background-media":"","overlay-type":"","overlay-color":"","overlay-gradient":""},"mobile":{"background-color":"","background-image":"","background-repeat":"repeat","background-position":"center center","background-size":"auto","background-attachment":"scroll","background-type":"","background-media":"","overlay-type":"","overlay-color":"","overlay-gradient":""}},"ast-content-background-meta":{"desktop":{"background-color":"var(--ast-global-color-5)","background-image":"","background-repeat":"repeat","background-position":"center center","background-size":"auto","background-attachment":"scroll","background-type":"","background-media":"","overlay-type":"","overlay-color":"","overlay-gradient":""},"tablet":{"background-color":"var(--ast-global-color-5)","background-image":"","background-repeat":"repeat","background-position":"center center","background-size":"auto","background-attachment":"scroll","background-type":"","background-media":"","overlay-type":"","overlay-color":"","overlay-gradient":""},"mobile":{"background-color":"var(--ast-global-color-5)","background-image":"","background-repeat":"repeat","background-position":"center center","background-size":"auto","background-attachment":"scroll","background-type":"","background-media":"","overlay-type":"","overlay-color":"","overlay-gradient":""}},"footnotes":""},"_links":{"self":[{"href":"https:\/\/aic.eus\/accesible\/wp-json\/wp\/v2\/pages\/114"}],"collection":[{"href":"https:\/\/aic.eus\/accesible\/wp-json\/wp\/v2\/pages"}],"about":[{"href":"https:\/\/aic.eus\/accesible\/wp-json\/wp\/v2\/types\/page"}],"author":[{"embeddable":true,"href":"https:\/\/aic.eus\/accesible\/wp-json\/wp\/v2\/users\/1"}],"replies":[{"embeddable":true,"href":"https:\/\/aic.eus\/accesible\/wp-json\/wp\/v2\/comments?post=114"}],"version-history":[{"count":8,"href":"https:\/\/aic.eus\/accesible\/wp-json\/wp\/v2\/pages\/114\/revisions"}],"predecessor-version":[{"id":865,"href":"https:\/\/aic.eus\/accesible\/wp-json\/wp\/v2\/pages\/114\/revisions\/865"}],"wp:attachment":[{"href":"https:\/\/aic.eus\/accesible\/wp-json\/wp\/v2\/media?parent=114"}],"curies":[{"name":"wp","href":"https:\/\/api.w.org\/{rel}","templated":true}]}}