{"id":199,"date":"2024-05-16T07:55:37","date_gmt":"2024-05-16T07:55:37","guid":{"rendered":"https:\/\/aic.eus\/?page_id=199"},"modified":"2024-07-19T08:25:28","modified_gmt":"2024-07-19T08:25:28","slug":"empresa","status":"publish","type":"page","link":"https:\/\/aic.eus\/accesible\/empresa\/","title":{"rendered":"Empresa"},"content":{"rendered":"<h1><strong>Historia <\/strong>de AIC<\/h1>\n<p>Especializados en <strong>mantenimiento preventivo de instalaciones t\u00e9rmicas, tanto de calor como de refrigeraci\u00f3n<\/strong>, es el origen de nuestra actividad. Provenientes de esta rama de una empresa anterior que desapareci\u00f3 en 1995 y ten\u00eda tanto su \u00e1rea de instalaci\u00f3n como de mantenimiento. Quiz\u00e1s por este origen, desde siempre nuestro objetivo ha sido no solo realizar instalaciones y dejarlas a su suerte, sino estar toda la vida de la instalaci\u00f3n manteni\u00e9ndola.<\/p>\n<p>Desde este momento el devenir de <strong>AIC<\/strong> ha sido el mismo que las diversas tecnolog\u00edas que se han ido incorporando al mercado. En un inicio la gasificaci\u00f3n de las salas de calderas principalmente en el sector residencia, posteriormente un gran impulso en la <strong>climatizaci\u00f3n<\/strong> con <strong>sistemas de agua, aire o de refrigerante de caudal variable<\/strong> en <strong>sectores m\u00e1s terciarios e industriales<\/strong>. En los \u00faltimos a\u00f1os seguimos en estas instalaciones y sectores, as\u00ed como en sistema de <strong>energ\u00eda alternativa como aerotermia y solar<\/strong>.<\/p>\n<h2><strong>Organizaci\u00f3n<\/strong> y <strong>Medios<\/strong><\/h2>\n<p>Nuestra organizaci\u00f3n est\u00e1 integrada por un grupo humano altamente cualificado, con largos a\u00f1os de experiencia en el campo de instalaci\u00f3n y mantenimiento de instalaciones t\u00e9rmicas y energ\u00edas alternativas.<\/p>\n<p>Esto nos permite el dise\u00f1ar, realizar el proyecto, ejecutar la instalaci\u00f3n y mantenerlas con nuestro propio personal.<\/p>\n<p>Los medios materiales con los que contamos para realizar nuestra actividad son nuestras oficinas, almac\u00e9n y taller, sistemas inform\u00e1ticos, veh\u00edculos, equipos de medida de los diversos par\u00e1metros que manejamos en nuestra actividad, herramienta de montaje, equipos de soldaduras, elementos de elevaci\u00f3n, equipamiento de prevenci\u00f3n.<\/p>\n<p>Contamos con medios inmateriales incluso superiores a los materiales tales como son los siguientes: sistema de gesti\u00f3n con movilidad donde se guardan todos los hist\u00f3ricos de las instalaciones, colaboraci\u00f3n con centros de formaci\u00f3n profesional donde seleccionar a nuestro personal, Sistema de calidad ISO9001, Formaci\u00f3n continua del grupo humano, pertenencia a asociaciones profesionales como ATECYR o AMICYF, sistema de prevenci\u00f3n de riesgos laborales.<\/p>\n<p>Certificaciones de Industria en todas las actividades relacionadas:<\/p>\n<ul>\n<li>Instalaci\u00f3n Calefacci\u00f3n, Agua Caliente Sanitaria Y Climatizaci\u00f3n (48\/EC3-23)-<\/li>\n<li>Mantenimiento Calefacci\u00f3n, Agua Caliente Sanitaria Y Climatizaci\u00f3n (48EMC2-17)<\/li>\n<li>Instaladora Gas, Categor\u00eda EG-IV (48\/EG4-112)<\/li>\n<li>Instaladora De Combustibles L\u00edquidos (48ECL-192)<\/li>\n<li>Instaladora Frigorista (48EF-56)<\/li>\n<li>Conservadora-Reparadora Frigorista (48ECF-42)<\/li>\n<li>Instalador5a Protecci\u00f3n Contra Incendios Ep\u00edgrafes: 1,2,3,4,5,7,8,9,10,11,12 Y13. (48EPI-63)<\/li>\n<li>Mantenedora Protecci\u00f3n Contra Incendios (48EMI-64)<\/li>\n<li>Instalador electricista(48EIBT-1220)<\/li>\n<\/ul>\n<h2><strong>Actividad<\/strong><\/h2>\n<p>Como se ha comentado anteriormente, la actividad de nuestra organizaci\u00f3n son las instalaciones t\u00e9rmicas y energ\u00e9ticas, tanto tradicionales como alternativas. Por rese\u00f1ar algunas de ellas:<\/p>\n<ul>\n<li>Instalaciones de climatizaci\u00f3n: enfriadoras y distribuci\u00f3n por agua a UTAs, fancoils, etc.<\/li>\n<li>Instalaciones de climatizaci\u00f3n: Sistemas de refrigerantes de caudal variable (conocidos como VRV).<\/li>\n<li>Instalaciones de centrales de calefacci\u00f3n y agua caliente sanitaria.<\/li>\n<li>Sistemas de calefacci\u00f3n industriales: tubos radiantes, aerotermos, etc<\/li>\n<li>Refrigeraci\u00f3n de salas t\u00e9cnicas y\/o de control y\/o servidores.<\/li>\n<li>Aerotermia<\/li>\n<li>Sistemas solares fotovoltaicos<\/li>\n<li>Biomasa<\/li>\n<\/ul>\n<p>Abarcamos desde el campo del dise\u00f1o de las instalaciones, la ejecuci\u00f3n de la misma y mantenemos estas instalaciones durante toda la vida \u00fatil de la misma.<\/p>\n<p>Los sectores a los que nos enfocamos principalmente son a empresas, industrias, comercios o sector terciario, administraci\u00f3n p\u00fablica y comunidades de propietarios.<\/p>\n","protected":false},"excerpt":{"rendered":"<p>Historia de AIC Especializados en mantenimiento preventivo de instalaciones t\u00e9rmicas, tanto de calor como de refrigeraci\u00f3n, es el origen de [&hellip;]<\/p>\n","protected":false},"author":1,"featured_media":0,"parent":0,"menu_order":0,"comment_status":"closed","ping_status":"closed","template":"","meta":{"site-sidebar-layout":"no-sidebar","site-content-layout":"","ast-site-content-layout":"normal-width-container","site-content-style":"boxed","site-sidebar-style":"default","ast-global-header-display":"","ast-banner-title-visibility":"","ast-main-header-display":"","ast-hfb-above-header-display":"","ast-hfb-below-header-display":"","ast-hfb-mobile-header-display":"","site-post-title":"disabled","ast-breadcrumbs-content":"","ast-featured-img":"disabled","footer-sml-layout":"","theme-transparent-header-meta":"default","adv-header-id-meta":"","stick-header-meta":"","header-above-stick-meta":"","header-main-stick-meta":"","header-below-stick-meta":"","astra-migrate-meta-layouts":"set","ast-page-background-enabled":"default","ast-page-background-meta":{"desktop":{"background-color":"var(--ast-global-color-4)","background-image":"","background-repeat":"repeat","background-position":"center center","background-size":"auto","background-attachment":"scroll","background-type":"","background-media":"","overlay-type":"","overlay-color":"","overlay-gradient":""},"tablet":{"background-color":"","background-image":"","background-repeat":"repeat","background-position":"center center","background-size":"auto","background-attachment":"scroll","background-type":"","background-media":"","overlay-type":"","overlay-color":"","overlay-gradient":""},"mobile":{"background-color":"","background-image":"","background-repeat":"repeat","background-position":"center center","background-size":"auto","background-attachment":"scroll","background-type":"","background-media":"","overlay-type":"","overlay-color":"","overlay-gradient":""}},"ast-content-background-meta":{"desktop":{"background-color":"var(--ast-global-color-5)","background-image":"","background-repeat":"repeat","background-position":"center center","background-size":"auto","background-attachment":"scroll","background-type":"","background-media":"","overlay-type":"","overlay-color":"","overlay-gradient":""},"tablet":{"background-color":"var(--ast-global-color-5)","background-image":"","background-repeat":"repeat","background-position":"center center","background-size":"auto","background-attachment":"scroll","background-type":"","background-media":"","overlay-type":"","overlay-color":"","overlay-gradient":""},"mobile":{"background-color":"var(--ast-global-color-5)","background-image":"","background-repeat":"repeat","background-position":"center center","background-size":"auto","background-attachment":"scroll","background-type":"","background-media":"","overlay-type":"","overlay-color":"","overlay-gradient":""}},"footnotes":""},"_links":{"self":[{"href":"https:\/\/aic.eus\/accesible\/wp-json\/wp\/v2\/pages\/199"}],"collection":[{"href":"https:\/\/aic.eus\/accesible\/wp-json\/wp\/v2\/pages"}],"about":[{"href":"https:\/\/aic.eus\/accesible\/wp-json\/wp\/v2\/types\/page"}],"author":[{"embeddable":true,"href":"https:\/\/aic.eus\/accesible\/wp-json\/wp\/v2\/users\/1"}],"replies":[{"embeddable":true,"href":"https:\/\/aic.eus\/accesible\/wp-json\/wp\/v2\/comments?post=199"}],"version-history":[{"count":98,"href":"https:\/\/aic.eus\/accesible\/wp-json\/wp\/v2\/pages\/199\/revisions"}],"predecessor-version":[{"id":911,"href":"https:\/\/aic.eus\/accesible\/wp-json\/wp\/v2\/pages\/199\/revisions\/911"}],"wp:attachment":[{"href":"https:\/\/aic.eus\/accesible\/wp-json\/wp\/v2\/media?parent=199"}],"curies":[{"name":"wp","href":"https:\/\/api.w.org\/{rel}","templated":true}]}}