{"id":323,"date":"2024-05-16T15:27:59","date_gmt":"2024-05-16T15:27:59","guid":{"rendered":"https:\/\/aic.eus\/?page_id=323"},"modified":"2024-07-19T09:03:36","modified_gmt":"2024-07-19T09:03:36","slug":"contacto","status":"publish","type":"page","link":"https:\/\/aic.eus\/accesible\/contacto\/","title":{"rendered":"Contacto"},"content":{"rendered":"<h1 style=\"text-align: center;\">AIC<\/h1>\n<p style=\"text-align: center;\">Direcci\u00f3n: Larrondogoiko 2 Pabell\u00f3n 9, 48180 Loiu (Bizkaia)<\/p>\n<p style=\"text-align: center;\">Tel\u00e9fono: 944 446 268<\/p>\n<p style=\"text-align: center;\">Email: aic@aic.eus<\/p>\n","protected":false},"excerpt":{"rendered":"<p>AIC Direcci\u00f3n: Larrondogoiko 2 Pabell\u00f3n 9, 48180 Loiu (Bizkaia) Tel\u00e9fono: 944 446 268 Email: aic@aic.eus<\/p>\n","protected":false},"author":1,"featured_media":0,"parent":0,"menu_order":0,"comment_status":"closed","ping_status":"closed","template":"","meta":{"site-sidebar-layout":"no-sidebar","site-content-layout":"","ast-site-content-layout":"narrow-width-container","site-content-style":"boxed","site-sidebar-style":"default","ast-global-header-display":"","ast-banner-title-visibility":"","ast-main-header-display":"","ast-hfb-above-header-display":"","ast-hfb-below-header-display":"","ast-hfb-mobile-header-display":"","site-post-title":"disabled","ast-breadcrumbs-content":"","ast-featured-img":"disabled","footer-sml-layout":"","theme-transparent-header-meta":"default","adv-header-id-meta":"","stick-header-meta":"","header-above-stick-meta":"","header-main-stick-meta":"","header-below-stick-meta":"","astra-migrate-meta-layouts":"set","ast-page-background-enabled":"default","ast-page-background-meta":{"desktop":{"background-color":"var(--ast-global-color-4)","background-image":"","background-repeat":"repeat","background-position":"center center","background-size":"auto","background-attachment":"scroll","background-type":"","background-media":"","overlay-type":"","overlay-color":"","overlay-gradient":""},"tablet":{"background-color":"","background-image":"","background-repeat":"repeat","background-position":"center center","background-size":"auto","background-attachment":"scroll","background-type":"","background-media":"","overlay-type":"","overlay-color":"","overlay-gradient":""},"mobile":{"background-color":"","background-image":"","background-repeat":"repeat","background-position":"center center","background-size":"auto","background-attachment":"scroll","background-type":"","background-media":"","overlay-type":"","overlay-color":"","overlay-gradient":""}},"ast-content-background-meta":{"desktop":{"background-color":"var(--ast-global-color-5)","background-image":"","background-repeat":"repeat","background-position":"center center","background-size":"auto","background-attachment":"scroll","background-type":"","background-media":"","overlay-type":"","overlay-color":"","overlay-gradient":""},"tablet":{"background-color":"var(--ast-global-color-5)","background-image":"","background-repeat":"repeat","background-position":"center center","background-size":"auto","background-attachment":"scroll","background-type":"","background-media":"","overlay-type":"","overlay-color":"","overlay-gradient":""},"mobile":{"background-color":"var(--ast-global-color-5)","background-image":"","background-repeat":"repeat","background-position":"center center","background-size":"auto","background-attachment":"scroll","background-type":"","background-media":"","overlay-type":"","overlay-color":"","overlay-gradient":""}},"footnotes":""},"_links":{"self":[{"href":"https:\/\/aic.eus\/accesible\/wp-json\/wp\/v2\/pages\/323"}],"collection":[{"href":"https:\/\/aic.eus\/accesible\/wp-json\/wp\/v2\/pages"}],"about":[{"href":"https:\/\/aic.eus\/accesible\/wp-json\/wp\/v2\/types\/page"}],"author":[{"embeddable":true,"href":"https:\/\/aic.eus\/accesible\/wp-json\/wp\/v2\/users\/1"}],"replies":[{"embeddable":true,"href":"https:\/\/aic.eus\/accesible\/wp-json\/wp\/v2\/comments?post=323"}],"version-history":[{"count":26,"href":"https:\/\/aic.eus\/accesible\/wp-json\/wp\/v2\/pages\/323\/revisions"}],"predecessor-version":[{"id":917,"href":"https:\/\/aic.eus\/accesible\/wp-json\/wp\/v2\/pages\/323\/revisions\/917"}],"wp:attachment":[{"href":"https:\/\/aic.eus\/accesible\/wp-json\/wp\/v2\/media?parent=323"}],"curies":[{"name":"wp","href":"https:\/\/api.w.org\/{rel}","templated":true}]}}