{"id":638,"date":"2024-07-10T12:57:07","date_gmt":"2024-07-10T12:57:07","guid":{"rendered":"https:\/\/aic.eus\/?page_id=638"},"modified":"2024-07-19T09:00:34","modified_gmt":"2024-07-19T09:00:34","slug":"tipo-instalaciones","status":"publish","type":"page","link":"https:\/\/aic.eus\/accesible\/tipo-instalaciones\/","title":{"rendered":"Tipo instalaciones"},"content":{"rendered":"<h1 style=\"text-align: center;\">Tipo de instalaciones<\/h1>\n<p>Los servicios a los que estamos abocados a ofrecer son del tipo postventa, nos encargamos de la puesta en marcha, mantenimiento preventivo durante la vida de la instalaci\u00f3n, mantenimiento seg\u00fan normativa, asistencia t\u00e9cnica en caso de aver\u00eda o incidencia, reparaciones, asesoramiento t\u00e9cnico, suministro de recambios de los equipos que somos SAT OFICIAL.<\/p>\n<p>Existe un equipo preveo de los fabricantes y\/o distribuidores que se encargan de la parte de dise\u00f1o, asesoramiento y suministro de los equipos y accesorios mas convenientes para cada instalaci\u00f3n cuyo objetivo es acompa\u00f1ar a los instaladores junto con nuestra colaboraci\u00f3n posterior para tener instalaciones que satisfagan las necesidades del usuario, sean eficientes y respetuosa con el medio ambiente y tengan una larga vida.<\/p>\n<p>Al final de la vida del equipo volvemos a poner en manos del instalador y fabricantes\/distribuidores para volver a dise\u00f1ar una nueva instalaci\u00f3n adaptada las nuevas necesidades del usuario y a la tecnolog\u00eda y tendencias de ese momento.<\/p>\n<p>En lo que concierne a nuestra tarea, los servicios que ofrecemos son:<\/p>\n<ul>\n<li>SALAS DE CALDERAS<\/li>\n<li>CLIMATIZACION BOMBA CALOR<br \/>\nDISTRIBUCION AGUA<\/li>\n<li>CLIMATIZACION EXPANSION DIRECTA CAUDAL VARIABLE(VRV)<\/li>\n<li>REFRIGERACION SALAS TECNICAS<\/li>\n<li>AEROTERMIA<\/li>\n<li>BIOMASA<\/li>\n<li>SOLAR TERMICO<\/li>\n<li>FOTOVOLTAICO<\/li>\n<li>COMBUSTIBLES TRADICIONALES<\/li>\n<li>CALEFACCION INDUSTRIAL<\/li>\n<\/ul>\n","protected":false},"excerpt":{"rendered":"<p>Tipo de instalaciones Los servicios a los que estamos abocados a ofrecer son del tipo postventa, nos encargamos de la [&hellip;]<\/p>\n","protected":false},"author":1,"featured_media":0,"parent":0,"menu_order":0,"comment_status":"closed","ping_status":"closed","template":"","meta":{"site-sidebar-layout":"no-sidebar","site-content-layout":"","ast-site-content-layout":"normal-width-container","site-content-style":"boxed","site-sidebar-style":"default","ast-global-header-display":"","ast-banner-title-visibility":"","ast-main-header-display":"","ast-hfb-above-header-display":"","ast-hfb-below-header-display":"","ast-hfb-mobile-header-display":"","site-post-title":"disabled","ast-breadcrumbs-content":"","ast-featured-img":"disabled","footer-sml-layout":"","theme-transparent-header-meta":"default","adv-header-id-meta":"","stick-header-meta":"","header-above-stick-meta":"","header-main-stick-meta":"","header-below-stick-meta":"","astra-migrate-meta-layouts":"set","ast-page-background-enabled":"default","ast-page-background-meta":{"desktop":{"background-color":"var(--ast-global-color-4)","background-image":"","background-repeat":"repeat","background-position":"center center","background-size":"auto","background-attachment":"scroll","background-type":"","background-media":"","overlay-type":"","overlay-color":"","overlay-gradient":""},"tablet":{"background-color":"","background-image":"","background-repeat":"repeat","background-position":"center center","background-size":"auto","background-attachment":"scroll","background-type":"","background-media":"","overlay-type":"","overlay-color":"","overlay-gradient":""},"mobile":{"background-color":"","background-image":"","background-repeat":"repeat","background-position":"center center","background-size":"auto","background-attachment":"scroll","background-type":"","background-media":"","overlay-type":"","overlay-color":"","overlay-gradient":""}},"ast-content-background-meta":{"desktop":{"background-color":"var(--ast-global-color-5)","background-image":"","background-repeat":"repeat","background-position":"center center","background-size":"auto","background-attachment":"scroll","background-type":"","background-media":"","overlay-type":"","overlay-color":"","overlay-gradient":""},"tablet":{"background-color":"var(--ast-global-color-5)","background-image":"","background-repeat":"repeat","background-position":"center center","background-size":"auto","background-attachment":"scroll","background-type":"","background-media":"","overlay-type":"","overlay-color":"","overlay-gradient":""},"mobile":{"background-color":"var(--ast-global-color-5)","background-image":"","background-repeat":"repeat","background-position":"center center","background-size":"auto","background-attachment":"scroll","background-type":"","background-media":"","overlay-type":"","overlay-color":"","overlay-gradient":""}},"footnotes":""},"_links":{"self":[{"href":"https:\/\/aic.eus\/accesible\/wp-json\/wp\/v2\/pages\/638"}],"collection":[{"href":"https:\/\/aic.eus\/accesible\/wp-json\/wp\/v2\/pages"}],"about":[{"href":"https:\/\/aic.eus\/accesible\/wp-json\/wp\/v2\/types\/page"}],"author":[{"embeddable":true,"href":"https:\/\/aic.eus\/accesible\/wp-json\/wp\/v2\/users\/1"}],"replies":[{"embeddable":true,"href":"https:\/\/aic.eus\/accesible\/wp-json\/wp\/v2\/comments?post=638"}],"version-history":[{"count":27,"href":"https:\/\/aic.eus\/accesible\/wp-json\/wp\/v2\/pages\/638\/revisions"}],"predecessor-version":[{"id":915,"href":"https:\/\/aic.eus\/accesible\/wp-json\/wp\/v2\/pages\/638\/revisions\/915"}],"wp:attachment":[{"href":"https:\/\/aic.eus\/accesible\/wp-json\/wp\/v2\/media?parent=638"}],"curies":[{"name":"wp","href":"https:\/\/api.w.org\/{rel}","templated":true}]}}