{"id":669,"date":"2024-07-11T11:18:33","date_gmt":"2024-07-11T11:18:33","guid":{"rendered":"https:\/\/aic.eus\/?page_id=669"},"modified":"2024-07-19T09:01:33","modified_gmt":"2024-07-19T09:01:33","slug":"referencias","status":"publish","type":"page","link":"https:\/\/aic.eus\/accesible\/referencias\/","title":{"rendered":"Referencias"},"content":{"rendered":"<h1 style=\"text-align: center;\">Referencias Sectores<\/h1>\n<p style=\"text-align: center;\">Presentamos un listado de instalaciones dise\u00f1adas o ejecutadas o mantenidas por nuestra organizaci\u00f3n. Entendemos que puede resultar de un mayor inter\u00e9s las instalaciones de las cuales somos responsables de su mantenimiento:<\/p>\n<h3 style=\"text-align: center;\">Administraci\u00f3n p\u00fablica<\/h3>\n<p style=\"text-align: center;\">Mantenimiento de instalaciones para la administraci\u00f3n p\u00fablica tales como centros educativos (institutos secundaria, escuelas de primaria), ayuntamientos, otros.<\/p>\n<h3 style=\"text-align: center;\">Salas t\u00e9cnicas y servidores, SAIs<\/h3>\n<p style=\"text-align: center;\">Refrigeracion de salas t\u00e9cnicas, servidores, SAIs, etc.<\/p>\n<h3 style=\"text-align: center;\">Sector terciario<\/h3>\n<p style=\"text-align: center;\">Mantenimientos del sector terciario como hoteles, geri\u00e1tricos, cines, distribuci\u00f3n y comercios.<\/p>\n<h3 style=\"text-align: center;\">Comunidades de propietarios<\/h3>\n<p style=\"text-align: center;\">Salas de calderas de comunidades de propietarios.<\/p>\n<p>&nbsp;<\/p>\n<h3 style=\"text-align: center;\">Empresas, fabricas y centros de producci\u00f3n<\/h3>\n<p>De sectores bien diversos como automoci\u00f3n, qu\u00edmica, inform\u00e1tica, transporte, mecanizados, etc. El tipo de instalaci\u00f3n es muy variado, en cuanto a potencias, estas son considerable llegando a las 6.000.000 kcal\/h en una fabrica. Encontramos calderas de sobrepresi\u00f3n, equipos de aire acondicionado, enfriadoras, tubos radiantes, sistemas VRV de refrigeraci\u00f3n, equipos de refrigeraci\u00f3n para salas de servidores, control y medidas de calidad, hornos y cabinas de pinturas, etc.<\/p>\n<p>En cuanto a ejecuci\u00f3n de instalaciones mencionar un listado de los \u00faltimos a\u00f1os:<\/p>\n<ul role=\"tablist\">\n<li id=\"salas-de-calderas-yo-energia-solar\" tabindex=\"0\" role=\"tab\" aria-selected=\"true\" data-tab=\"1\" aria-controls=\"salas-de-calderas-yo-energia-solar-tab\" aria-expanded=\"false\">Salas de calderas y\/o energia solar<\/li>\n<li id=\"climatizacion\" tabindex=\"-1\" role=\"tab\" aria-selected=\"false\" data-tab=\"2\" aria-controls=\"climatizacion-tab\" aria-expanded=\"false\">Climatizacion<\/li>\n<li id=\"otras-instalaciones\" tabindex=\"-1\" role=\"tab\" aria-selected=\"false\" data-tab=\"3\" aria-controls=\"otras-instalaciones-tab\" aria-expanded=\"false\">Otras instalaciones<\/li>\n<\/ul>\n<h2 style=\"text-align: center;\">Salas de calderas y\/o energia solar<\/h2>\n<section data-id=\"30db4dc\" data-element_type=\"section\">\n<ul role=\"tablist\">\n<li id=\"100-viviendas-de-visesa-en-sestao\" tabindex=\"0\" role=\"tab\" aria-selected=\"true\" data-tab=\"1\" aria-controls=\"100-viviendas-de-visesa-en-sestao-tab\" aria-expanded=\"false\">En vivienda de nueva construcci\u00f3n 100 viviendas de VISESA en Sestao.<\/li>\n<li id=\"114-viviendas-en-vitoria-gasteiz\" tabindex=\"-1\" role=\"tab\" aria-selected=\"false\" data-tab=\"2\" aria-controls=\"114-viviendas-en-vitoria-gasteiz-tab\" aria-expanded=\"false\">114 viviendas en Vitoria Gasteiz<\/li>\n<li id=\"viviendas-en-portugalete\" tabindex=\"-1\" role=\"tab\" aria-selected=\"false\" data-tab=\"3\" aria-controls=\"viviendas-en-portugalete-tab\" aria-expanded=\"false\">48+24+28 viviendas en Portugalete, etc. Solo ejecutamos la sala de calderas, la parte solar y la parte de control y regulaci\u00f3n.<\/li>\n<li tabindex=\"-1\" role=\"tab\" aria-selected=\"false\" data-tab=\"3\" aria-controls=\"viviendas-en-portugalete-tab\" aria-expanded=\"false\">Sala calderas<\/li>\n<li id=\"94-viviendas-getxo\" tabindex=\"-1\" role=\"tab\" aria-selected=\"false\" data-tab=\"4\" aria-controls=\"94-viviendas-getxo-tab\" aria-expanded=\"false\">94 viviendas Getxo<\/li>\n<li id=\"ies-txurdinaga-behekoa\" tabindex=\"-1\" role=\"tab\" aria-selected=\"false\" data-tab=\"5\" aria-controls=\"ies-txurdinaga-behekoa-tab\" aria-expanded=\"false\">Fotovoltaico IES Txurdinaga behekoa<\/li>\n<\/ul>\n<\/section>\n<h3 style=\"text-align: center;\">Climatizacion<\/h3>\n<section data-id=\"30db4dc\" data-element_type=\"section\">\n<ul>\n<li>Panda Software Bilbao (Expansi\u00f3n directa)<\/li>\n<li>AZTI parque tecnol\u00f3gico Zamudio (VRV)<\/li>\n<li>Naturgas Energ\u00eda<\/li>\n<li>Donostia (VRV)<\/li>\n<li>NECO Elorrio (VRV) Carburos Met\u00e1licos (Expansi\u00f3n directa y conductos)<\/li>\n<li>Torre Iberdrola<\/li>\n<li>Centro Comercial Los Fueros (camelot, Quasar, etc)<\/li>\n<li>Labein Parque tecnol\u00f3gico, Zamudio (enfriadora y conductos)<\/li>\n<li>Renolit Hispania Estella (Enfriadora)<\/li>\n<li>Hotel Plaza Zaragoza<\/li>\n<li>Palacio Justicia Baracaldo (VRV)<\/li>\n<li>Cuartel Ertzaintza de Erandio(VRV)<\/li>\n<li>El corte Ingles de Ercilla (VRV)<\/li>\n<li>Clinica Quiron Erandio<\/li>\n<li>Torre de Iberdrola de Bilbao<\/li>\n<li>Universidad de Deusto<\/li>\n<li>Hotel Nervi\u00f3n<\/li>\n<li>Estaci\u00f3n de autobuses Bilbao (aerotermia)<\/li>\n<\/ul>\n<p>&nbsp;<\/p>\n<p style=\"text-align: center;\">\n<\/section>\n<h3 style=\"text-align: center;\">Otras instalaciones<\/h3>\n<section data-id=\"30db4dc\" data-element_type=\"section\">\n<ul>\n<li>Suelo radiante Museo Etnol\u00f3gico de Sobr\u00f3n<\/li>\n<li>Energ\u00eda solar t\u00e9rmica polideportivo de Trapagaran<\/li>\n<li>Servidores en Panda Software<\/li>\n<li>Centro control Interbiak Durango<\/li>\n<li>Centro control T\u00faneles de Artxanda<\/li>\n<li>Refrigeraci\u00f3n c\u00e1maras en Quir\u00f3n<\/li>\n<li>Sistema de refrigeraci\u00f3n de horno de vac\u00edo de tratamiento superficial para TEKNIKER<\/li>\n<li>Deshumectadora piscina privada<\/li>\n<li>Salas t\u00e9cnicas Movistar (refrigeraci\u00f3n)<\/li>\n<\/ul>\n<p style=\"text-align: center;\">\n<\/section>\n","protected":false},"excerpt":{"rendered":"<p>Referencias Sectores Presentamos un listado de instalaciones dise\u00f1adas o ejecutadas o mantenidas por nuestra organizaci\u00f3n. Entendemos que puede resultar de [&hellip;]<\/p>\n","protected":false},"author":1,"featured_media":0,"parent":0,"menu_order":0,"comment_status":"closed","ping_status":"closed","template":"","meta":{"site-sidebar-layout":"no-sidebar","site-content-layout":"","ast-site-content-layout":"normal-width-container","site-content-style":"boxed","site-sidebar-style":"default","ast-global-header-display":"","ast-banner-title-visibility":"","ast-main-header-display":"","ast-hfb-above-header-display":"","ast-hfb-below-header-display":"","ast-hfb-mobile-header-display":"","site-post-title":"disabled","ast-breadcrumbs-content":"","ast-featured-img":"disabled","footer-sml-layout":"","theme-transparent-header-meta":"default","adv-header-id-meta":"","stick-header-meta":"","header-above-stick-meta":"","header-main-stick-meta":"","header-below-stick-meta":"","astra-migrate-meta-layouts":"set","ast-page-background-enabled":"default","ast-page-background-meta":{"desktop":{"background-color":"var(--ast-global-color-4)","background-image":"","background-repeat":"repeat","background-position":"center center","background-size":"auto","background-attachment":"scroll","background-type":"","background-media":"","overlay-type":"","overlay-color":"","overlay-gradient":""},"tablet":{"background-color":"","background-image":"","background-repeat":"repeat","background-position":"center center","background-size":"auto","background-attachment":"scroll","background-type":"","background-media":"","overlay-type":"","overlay-color":"","overlay-gradient":""},"mobile":{"background-color":"","background-image":"","background-repeat":"repeat","background-position":"center center","background-size":"auto","background-attachment":"scroll","background-type":"","background-media":"","overlay-type":"","overlay-color":"","overlay-gradient":""}},"ast-content-background-meta":{"desktop":{"background-color":"var(--ast-global-color-5)","background-image":"","background-repeat":"repeat","background-position":"center center","background-size":"auto","background-attachment":"scroll","background-type":"","background-media":"","overlay-type":"","overlay-color":"","overlay-gradient":""},"tablet":{"background-color":"var(--ast-global-color-5)","background-image":"","background-repeat":"repeat","background-position":"center center","background-size":"auto","background-attachment":"scroll","background-type":"","background-media":"","overlay-type":"","overlay-color":"","overlay-gradient":""},"mobile":{"background-color":"var(--ast-global-color-5)","background-image":"","background-repeat":"repeat","background-position":"center center","background-size":"auto","background-attachment":"scroll","background-type":"","background-media":"","overlay-type":"","overlay-color":"","overlay-gradient":""}},"footnotes":""},"_links":{"self":[{"href":"https:\/\/aic.eus\/accesible\/wp-json\/wp\/v2\/pages\/669"}],"collection":[{"href":"https:\/\/aic.eus\/accesible\/wp-json\/wp\/v2\/pages"}],"about":[{"href":"https:\/\/aic.eus\/accesible\/wp-json\/wp\/v2\/types\/page"}],"author":[{"embeddable":true,"href":"https:\/\/aic.eus\/accesible\/wp-json\/wp\/v2\/users\/1"}],"replies":[{"embeddable":true,"href":"https:\/\/aic.eus\/accesible\/wp-json\/wp\/v2\/comments?post=669"}],"version-history":[{"count":56,"href":"https:\/\/aic.eus\/accesible\/wp-json\/wp\/v2\/pages\/669\/revisions"}],"predecessor-version":[{"id":916,"href":"https:\/\/aic.eus\/accesible\/wp-json\/wp\/v2\/pages\/669\/revisions\/916"}],"wp:attachment":[{"href":"https:\/\/aic.eus\/accesible\/wp-json\/wp\/v2\/media?parent=669"}],"curies":[{"name":"wp","href":"https:\/\/api.w.org\/{rel}","templated":true}]}}